{"id":12,"date":"2017-07-14T15:29:15","date_gmt":"2017-07-14T13:29:15","guid":{"rendered":"http:\/\/fhf.hier.com\/?page_id=12"},"modified":"2025-04-14T14:27:24","modified_gmt":"2025-04-14T12:27:24","slug":"contact","status":"publish","type":"page","link":"https:\/\/firsthandfilms.ch\/de\/contact\/","title":{"rendered":"Kontakt"},"content":{"rendered":"First Hand Films will Menschen zum Lachen und Weinen bringen. Wir wollen \u00fcber unsere komplexe und sch\u00f6ne Welt lernen, uns verlieben und in neue Universen entf\u00fchrt werden.<br \/>\nWenn ein Film uns in die H\u00f6lle und zur\u00fcck f\u00fchrt, wenn er uns einzigartige Heldinnen und Helden entdecken l\u00e4sst und in all diesen Emotionen sich eine politische und menschliche Aussage versteckt, dann verlieben wir uns in einen Film.<br \/>\nWenn wir so im Kino eindrucksvolle Bilder voll von Ehrlichkeit und Fantasie erleben d\u00fcrfen und nach der Spielzeit zur\u00fcck in eine Realit\u00e4t und Welt entlassen werden, die nie wieder gleich aussehen wie zuvor, dann wollen wir dieses Erlebnis undbedingt zu m\u00f6glichst vielen Zuschauern tragen.<\/p>\n<p>First Hand Films setzt sich kontinuierlich f\u00fcr Vielfalt und Inklusivit\u00e4t ein, mit Geschichten, die gleichzeitig subversiv und kommerziell sind, grossartige Geschichten von neuen, anderen und ungeh\u00f6rten Stimmen aus der ganzen Welt, oft von, \u00fcber und mit Frauen.<\/p>\n<hr \/>\n<p>&nbsp;<\/p>\n<h2>Wer wir sind<\/h2>\n<div class=\"colWrapper\">\n<div class=\"col13\"><img decoding=\"async\" class=\"alignleft\" src=\"\/wp-content\/uploads\/2022\/01\/Esther-van-Messel1920x1080.jpg\" \/><strong>Esther van Messel<\/strong><br \/>\nCEO<\/div>\n<div class=\"col13\"><img decoding=\"async\" class=\"alignleft\" src=\"\/wp-content\/uploads\/2022\/01\/Nicole-Biermaier_1920x1080.jpg\" \/><strong>Nicole Biermaier<\/strong><br \/>\nLeitung Verleih<\/div>\n<div><\/div>\n<div class=\"col13\"><img decoding=\"async\" class=\"alignleft\" src=\"\/wp-content\/uploads\/2023\/08\/Sebastian-Rass-300x169.jpg\" \/><strong>Sebastian R\u00e4ss<\/strong><br \/>\nProgrammation | Bookbill Verleih<\/div>\n<div class=\"col13\"><\/div>\n<\/div>\n<div class=\"colWrapper\">\n<div class=\"col12\">\n<h3><\/h3>\n<h3><\/h3>\n<h3><\/h3>\n<h3>First Hand Films<\/h3>\n<p>Neunbrunnenstra\u00dfe 50<br \/>\n8050 Z\u00fcrich<br \/>\nSwitzerland<br \/>\nTel: 41 44 312 20 60<\/p>\n<p>E-Mail: <strong><a href=\"mailto:verleih@firsthandfilms.ch \">verleih@firsthandfilms.ch <\/a><\/strong><\/p>\n<\/div>\n<div class=\"col12\">\n<p>&nbsp;<\/p>\n<\/div>\n<\/div>","protected":false},"excerpt":{"rendered":"<p>First Hand Films will Menschen zum Lachen und Weinen bringen. Wir wollen \u00fcber unsere komplexe und sch\u00f6ne Welt lernen, uns verlieben und in neue Universen entf\u00fchrt werden. Wenn ein Film uns in die H\u00f6lle und zur\u00fcck f\u00fchrt, wenn er uns einzigartige Heldinnen und Helden entdecken l\u00e4sst und in all diesen Emotionen sich eine politische und&#8230;<\/p>\n","protected":false},"author":1,"featured_media":0,"parent":0,"menu_order":4,"comment_status":"closed","ping_status":"closed","template":"","meta":{"_acf_changed":false,"footnotes":""},"class_list":["post-12","page","type-page","status-publish","hentry"],"acf":[],"_links":{"self":[{"href":"https:\/\/firsthandfilms.ch\/de\/wp-json\/wp\/v2\/pages\/12","targetHints":{"allow":["GET"]}}],"collection":[{"href":"https:\/\/firsthandfilms.ch\/de\/wp-json\/wp\/v2\/pages"}],"about":[{"href":"https:\/\/firsthandfilms.ch\/de\/wp-json\/wp\/v2\/types\/page"}],"author":[{"embeddable":true,"href":"https:\/\/firsthandfilms.ch\/de\/wp-json\/wp\/v2\/users\/1"}],"replies":[{"embeddable":true,"href":"https:\/\/firsthandfilms.ch\/de\/wp-json\/wp\/v2\/comments?post=12"}],"version-history":[{"count":174,"href":"https:\/\/firsthandfilms.ch\/de\/wp-json\/wp\/v2\/pages\/12\/revisions"}],"predecessor-version":[{"id":6808,"href":"https:\/\/firsthandfilms.ch\/de\/wp-json\/wp\/v2\/pages\/12\/revisions\/6808"}],"wp:attachment":[{"href":"https:\/\/firsthandfilms.ch\/de\/wp-json\/wp\/v2\/media?parent=12"}],"curies":[{"name":"wp","href":"https:\/\/api.w.org\/{rel}","templated":true}]}}