{"id":12,"date":"2017-07-14T15:29:15","date_gmt":"2017-07-14T13:29:15","guid":{"rendered":"http:\/\/fhf.hier.com\/?page_id=12"},"modified":"2025-04-14T14:27:24","modified_gmt":"2025-04-14T12:27:24","slug":"contact","status":"publish","type":"page","link":"https:\/\/firsthandfilms.ch\/fr\/contact\/","title":{"rendered":"Contact"},"content":{"rendered":"First Hand Films veut faire rire et pleurer. Nous voulons en savoir plus sur notre monde complexe et beau, tomber amoureux et se faire seduire par des nouveaux universes.<br \/>\nSi un film nous emm\u00e8ne en enfer et de retour, nous fait d\u00e9couvrir des h\u00e9ro\u00efnes et des h\u00e9ros uniques et cache un message politique et humain dans toutes ces \u00e9motions, alors nous tombons amoureuse d&rsquo;un film.<br \/>\nSi on nous permet de voir des images impressionnantes, pleines d&rsquo;honn\u00eatet\u00e9 et de fantaisie, et que nous sommes rel\u00e2ch\u00e9es dans une r\u00e9alit\u00e9 et un monde, qui ne sont plus jamais les m\u00eames qu&rsquo;avant, alors nous voulons transmettre cette exp\u00e9rience \u00e0 autant de spectateurs et spectatrices que possible.<\/p>\n<p>First Hand Films s&rsquo;engage continuellement en faveur de la diversit\u00e9 et de l&rsquo;inclusion, avec des histoires qui sont \u00e0 la fois subversives et commerciales, de grandes histoires de voix nouvelles, diff\u00e9rentes et inaudibles du monde entier, souvent par, sur et avec des femmes.<\/p>\n<hr \/>\n<p>&nbsp;<\/p>\n<h2>qui sommes-nous<\/h2>\n<div class=\"colWrapper\">\n<div class=\"col13\"><img decoding=\"async\" class=\"alignleft\" src=\"\/wp-content\/uploads\/2022\/01\/Esther-van-Messel1920x1080.jpg\" \/><strong>Esther van Messel<\/strong><br \/>\nCEO<\/div>\n<div class=\"col13\"><img decoding=\"async\" class=\"alignleft\" src=\"\/wp-content\/uploads\/2022\/01\/Nicole-Biermaier_1920x1080.jpg\" \/><strong>Nicole Biermaier<\/strong><br \/>\nDirection Distribution<\/div>\n<\/div>\n<div><\/div>\n<div class=\"colWrapper\">\n<div class=\"col13\"><img decoding=\"async\" class=\"alignleft\" src=\"\/wp-content\/uploads\/2023\/08\/Sebastian-Rass-300x169.jpg\" \/><strong>Sebastian R\u00e4ss<\/strong><br \/>\nProgrammation | Bookbill<\/div>\n<div class=\"col13\"><\/div>\n<\/div>\n<p>&nbsp;<\/p>\n<p>&nbsp;<\/p>\n<div class=\"colWrapper\">\n<div class=\"col12\">\n<h2><\/h2>\n<h2><\/h2>\n<h2>Contact<\/h2>\n<h3>First Hand Films<\/h3>\n<p>Neunbrunnenstra\u00dfe 50<br \/>\n8050 Z\u00fcrich<br \/>\nSwitzerland<br \/>\nTel: 41 44 312 20 60<\/p>\n<p>Mail: <strong><a href=\"mailto:verleih@firsthandfilms.ch \">verleih@firsthandfilms.ch <\/a><\/strong><\/p>\n<\/div>\n<div class=\"col12\">\n<p>&nbsp;<\/p>\n<\/div>\n<\/div>","protected":false},"excerpt":{"rendered":"<p>First Hand Films veut faire rire et pleurer. Nous voulons en savoir plus sur notre monde complexe et beau, tomber amoureux et se faire seduire par des nouveaux universes. Si un film nous emm\u00e8ne en enfer et de retour, nous fait d\u00e9couvrir des h\u00e9ro\u00efnes et des h\u00e9ros uniques et cache un message politique et humain&#8230;<\/p>\n","protected":false},"author":1,"featured_media":0,"parent":0,"menu_order":4,"comment_status":"closed","ping_status":"closed","template":"","meta":{"_acf_changed":false,"footnotes":""},"class_list":["post-12","page","type-page","status-publish","hentry"],"acf":[],"_links":{"self":[{"href":"https:\/\/firsthandfilms.ch\/fr\/wp-json\/wp\/v2\/pages\/12","targetHints":{"allow":["GET"]}}],"collection":[{"href":"https:\/\/firsthandfilms.ch\/fr\/wp-json\/wp\/v2\/pages"}],"about":[{"href":"https:\/\/firsthandfilms.ch\/fr\/wp-json\/wp\/v2\/types\/page"}],"author":[{"embeddable":true,"href":"https:\/\/firsthandfilms.ch\/fr\/wp-json\/wp\/v2\/users\/1"}],"replies":[{"embeddable":true,"href":"https:\/\/firsthandfilms.ch\/fr\/wp-json\/wp\/v2\/comments?post=12"}],"version-history":[{"count":174,"href":"https:\/\/firsthandfilms.ch\/fr\/wp-json\/wp\/v2\/pages\/12\/revisions"}],"predecessor-version":[{"id":6808,"href":"https:\/\/firsthandfilms.ch\/fr\/wp-json\/wp\/v2\/pages\/12\/revisions\/6808"}],"wp:attachment":[{"href":"https:\/\/firsthandfilms.ch\/fr\/wp-json\/wp\/v2\/media?parent=12"}],"curies":[{"name":"wp","href":"https:\/\/api.w.org\/{rel}","templated":true}]}}