{"id":12,"date":"2017-07-14T15:29:15","date_gmt":"2017-07-14T13:29:15","guid":{"rendered":"http:\/\/fhf.hier.com\/?page_id=12"},"modified":"2025-04-14T14:27:24","modified_gmt":"2025-04-14T12:27:24","slug":"contact","status":"publish","type":"page","link":"https:\/\/firsthandfilms.ch\/it\/contact\/","title":{"rendered":"Contatto"},"content":{"rendered":"First Hand Films vuole far ridere e piangere. Vogliamo saperne di pi\u00f9 sul nostro mondo complesso e bello, innamorarci ed essere sedotti da nuovi mondi.<br \/>\nSe un film ci porta all&#8217;inferno e indietro, ci introduce a eroi ed eroine uniche e nasconde in tutte queste emozioni un messaggio politico e umano, allora ci innamoriamo di un film.<br \/>\nSe ci \u00e8 permesso di vedere immagini impressionanti, piene di onest\u00e0 e fantasia, e se ci vengono rilasciate in una realt\u00e0 e in un mondo che non sono mai gli stessi di prima, allora vogliamo condividere questa esperienza con il maggior numero di spettatori possibile.<\/p>\n<p>First Hand Films sostiene continuamente la diversit\u00e0 e l&#8217;inclusivit\u00e0 con storie che sono sia sovversive che commerciali, grandi storie di voci nuove, diverse e inascoltate da tutto il mondo, spesso di, su e con donne.<\/p>\n<hr \/>\n<p>&nbsp;<\/p>\n<h2>Chi siamo<\/h2>\n<div class=\"colWrapper\">\n<div class=\"col13\"><img decoding=\"async\" class=\"alignleft\" src=\"\/wp-content\/uploads\/2022\/01\/Esther-van-Messel1920x1080.jpg\" \/><strong>Esther van Messel<\/strong><br \/>\nCEO<\/div>\n<div class=\"col13\"><img decoding=\"async\" class=\"alignleft\" src=\"\/wp-content\/uploads\/2022\/01\/Nicole-Biermaier_1920x1080.jpg\" \/><strong>Nicole Biermaier<\/strong><br \/>\nGestione Distribuzione | Programmazione<\/div>\n<div class=\"col13\"><img decoding=\"async\" class=\"alignleft\" src=\"\/wp-content\/uploads\/2023\/08\/Sebastian-Rass-300x169.jpg\" \/><strong>Sebastian R\u00e4ss<\/strong><br \/>\nAssistente Programmazione | Distribuzione di materiali<\/div>\n<div class=\"col13\"><\/div>\n<\/div>\n<hr \/>\n<p>&nbsp;<\/p>\n<div class=\"colWrapper\">\n<div class=\"col12\">\n<h2>Contatto<\/h2>\n<h3>First Hand Films<\/h3>\n<p>Neunbrunnenstra\u00dfe 50<br \/>\n8050 Z\u00fcrich<br \/>\nSwitzerland<br \/>\nTel: 41 44 312 20 60<\/p>\n<p>Mail: <strong><a href=\"mailto:verleih@firsthandfilms.ch \">verleih@firsthandfilms.ch <\/a><\/strong><\/p>\n<\/div>\n<div class=\"col12\">\n<h2>Newsletter<\/h2>\n<p>coming soon<\/p>\n<\/div>\n<\/div>","protected":false},"excerpt":{"rendered":"<p>First Hand Films vuole far ridere e piangere. Vogliamo saperne di pi\u00f9 sul nostro mondo complesso e bello, innamorarci ed essere sedotti da nuovi mondi. Se un film ci porta all&#8217;inferno e indietro, ci introduce a eroi ed eroine uniche e nasconde in tutte queste emozioni un messaggio politico e umano, allora ci innamoriamo di&#8230;<\/p>\n","protected":false},"author":1,"featured_media":0,"parent":0,"menu_order":4,"comment_status":"closed","ping_status":"closed","template":"","meta":{"_acf_changed":false,"footnotes":""},"class_list":["post-12","page","type-page","status-publish","hentry"],"acf":[],"_links":{"self":[{"href":"https:\/\/firsthandfilms.ch\/it\/wp-json\/wp\/v2\/pages\/12","targetHints":{"allow":["GET"]}}],"collection":[{"href":"https:\/\/firsthandfilms.ch\/it\/wp-json\/wp\/v2\/pages"}],"about":[{"href":"https:\/\/firsthandfilms.ch\/it\/wp-json\/wp\/v2\/types\/page"}],"author":[{"embeddable":true,"href":"https:\/\/firsthandfilms.ch\/it\/wp-json\/wp\/v2\/users\/1"}],"replies":[{"embeddable":true,"href":"https:\/\/firsthandfilms.ch\/it\/wp-json\/wp\/v2\/comments?post=12"}],"version-history":[{"count":174,"href":"https:\/\/firsthandfilms.ch\/it\/wp-json\/wp\/v2\/pages\/12\/revisions"}],"predecessor-version":[{"id":6808,"href":"https:\/\/firsthandfilms.ch\/it\/wp-json\/wp\/v2\/pages\/12\/revisions\/6808"}],"wp:attachment":[{"href":"https:\/\/firsthandfilms.ch\/it\/wp-json\/wp\/v2\/media?parent=12"}],"curies":[{"name":"wp","href":"https:\/\/api.w.org\/{rel}","templated":true}]}}